{"id":27719,"date":"2024-01-30T19:30:31","date_gmt":"2024-01-30T19:30:31","guid":{"rendered":"https:\/\/roomonitor.gmedia.ovh\/terms-of-service\/"},"modified":"2024-02-14T20:04:41","modified_gmt":"2024-02-14T20:04:41","slug":"conditions-dutilisation","status":"publish","type":"page","link":"https:\/\/roomonitor.gmedia.ovh\/fr\/conditions-dutilisation\/","title":{"rendered":"Conditions d&rsquo;utilisation"},"content":{"rendered":"<div class=\"wpb-content-wrapper\"><p>[vc_row][vc_column width=\u00a0\u00bb1\/6&Prime;][\/vc_column][vc_column width=\u00a0\u00bb2\/3&Prime;][vc_column_text woodmart_inline=\u00a0\u00bbno\u00a0\u00bb text_larger=\u00a0\u00bbno\u00a0\u00bb]<\/p>\n<h2>Terms of Service, Shipping and Returns Policy Roomonitor<\/h2>\n<p>Welcome to Roomonitor, leader in innovative solutions for the tourist and vacation rental industry, operated with the commitment to excellence by Smart Things &amp; Friends SL. By accessing and using our website <a href=\"http:\/\/www.roomonitor.gmedia.ovh\">www.roomonitor.gmedia.ovh<\/a> and services, the terms and conditions that govern our relationship with you, the user, are established. Please read these provisions carefully before making any purchase or using our services.<\/p>\n<h4>1. Terms of Service:<\/h4>\n<h5>1.1 Acceptance of Terms:<\/h5>\n<p>By using our services, you agree to be bound by these conditions, as well as any modifications that may arise from time to time. Your continued use of the site constitutes your acceptance of the terms in effect at that time.<\/p>\n<h5>1.2 Uso Responsable:<\/h5>\n<p>Usted se compromete a utilizar nuestros servicios de manera \u00e9tica y legal. Cualquier actividad que viole la ley o nuestras pol\u00edticas puede resultar en la terminaci\u00f3n de su cuenta y la toma de medidas legales pertinentes.<\/p>\n<h5>1.3 Propiedad Intelectual:<\/h5>\n<p>Todos los derechos de propiedad intelectual relacionados con nuestro sitio web y contenido asociado son propiedad exclusiva de Roomonitor. Queda estrictamente prohibido cualquier uso no autorizado, incluida la reproducci\u00f3n, distribuci\u00f3n o modificaci\u00f3n del contenido.<\/p>\n<h4>2. Shipping Policy:<\/h4>\n<h5>2.1 Express Shipping Process:<\/h5>\n<p>We are committed to processing and shipping your order efficiently. Shipping times may vary by location but we work diligently to minimize any delays and guarantee that it will leave within the next 48 hours from our office if there are no holidays in which case the time would be lengthened proportionately.<\/p>\n<h5>2.2 Transparent Costs:<\/h5>\n<p>Shipping costs are calculated transparently during the checkout process and are based on delivery location and package weight. There will be no unpleasant surprises at the end of the transaction.<\/p>\n<h5>2.3 Accurate Tracking:<\/h5>\n<p>We will provide detailed tracking information so you can monitor the progress of your order in real time. Your satisfaction is our priority.<\/p>\n<h4>3. Return Policy:<\/h4>\n<h5>3.1 Satisfaction Guarantee:<\/h5>\n<p>Your satisfaction is essential. If you are not completely satisfied with your purchase, you have the right to return the product within 14 business days of receipt.<\/p>\n<h5>3.2 Simple Return Process:<\/h5>\n<p>Start the return process by contacting our customer service, writing to support@roomonitor.gmedia.ovh indicating the reasons for the return. Please ensure you return the product in its original condition and with appropriate packaging to ensure smooth processing.<\/p>\n<h5>3.3 Refund:<\/h5>\n<p>We process refunds in a timely manner after receiving and verifying the returned product. Please note that original shipping costs are non-refundable.<\/p>\n<p>Contact information:<\/p>\n<ul>\n<li aria-level=\"1\">Smart Things &amp; Friends SL<\/li>\n<li aria-level=\"1\">Tax Address: Ali Bei 15, 08010 Barcelona<\/li>\n<li aria-level=\"1\">CIF: B66668286<\/li>\n<\/ul>\n<p>For questions or clarifications, please contact our customer service:<\/p>\n<ul>\n<li aria-level=\"1\">Email: <a href=\"mailto:support@roomonitor.gmedia.ovh\">support@roomonitor.gmedia.ovh<\/a><\/li>\n<li aria-level=\"1\">Tel: +34 930 180 130<\/li>\n<\/ul>\n<p>These Terms of Service, Shipping and Returns Policy are subject to change. We encourage you to check back regularly to be aware of any updates.<\/p>\n<p>We appreciate your trust in Roomonitor, where quality and customer satisfaction are our top priority.[\/vc_column_text][\/vc_column][vc_column width=\u00a0\u00bb1\/6&Prime;][\/vc_column][\/vc_row][vc_row][vc_column][vc_column_text]<\/p>\n<p>[\/vc_column_text][\/vc_column][\/vc_row]<\/p>\n<\/div>","protected":false},"excerpt":{"rendered":"<p>[vc_row][vc_column width=\u00a0\u00bb1\/6&Prime;][\/vc_column][vc_column width=\u00a0\u00bb2\/3&Prime;][vc_column_text woodmart_inline=\u00a0\u00bbno\u00a0\u00bb text_larger=\u00a0\u00bbno\u00a0\u00bb] Terms of Service, Shipping and Returns Policy Roomonitor Welcome to Roomonitor, leader in innovative solutions<\/p>\n","protected":false},"author":1,"featured_media":0,"parent":0,"menu_order":0,"comment_status":"closed","ping_status":"closed","template":"","meta":{"_acf_changed":false,"inline_featured_image":false,"footnotes":""},"class_list":["post-27719","page","type-page","status-publish","hentry"],"acf":[],"_links":{"self":[{"href":"https:\/\/roomonitor.gmedia.ovh\/fr\/wp-json\/wp\/v2\/pages\/27719","targetHints":{"allow":["GET"]}}],"collection":[{"href":"https:\/\/roomonitor.gmedia.ovh\/fr\/wp-json\/wp\/v2\/pages"}],"about":[{"href":"https:\/\/roomonitor.gmedia.ovh\/fr\/wp-json\/wp\/v2\/types\/page"}],"author":[{"embeddable":true,"href":"https:\/\/roomonitor.gmedia.ovh\/fr\/wp-json\/wp\/v2\/users\/1"}],"replies":[{"embeddable":true,"href":"https:\/\/roomonitor.gmedia.ovh\/fr\/wp-json\/wp\/v2\/comments?post=27719"}],"version-history":[{"count":1,"href":"https:\/\/roomonitor.gmedia.ovh\/fr\/wp-json\/wp\/v2\/pages\/27719\/revisions"}],"predecessor-version":[{"id":27722,"href":"https:\/\/roomonitor.gmedia.ovh\/fr\/wp-json\/wp\/v2\/pages\/27719\/revisions\/27722"}],"wp:attachment":[{"href":"https:\/\/roomonitor.gmedia.ovh\/fr\/wp-json\/wp\/v2\/media?parent=27719"}],"curies":[{"name":"wp","href":"https:\/\/api.w.org\/{rel}","templated":true}]}}